{"id":3,"date":"2022-08-24T08:17:09","date_gmt":"2022-08-24T08:17:09","guid":{"rendered":"https:\/\/whiting-media.com\/?page_id=3"},"modified":"2022-09-05T12:30:44","modified_gmt":"2022-09-05T10:30:44","slug":"privacy-policy","status":"publish","type":"page","link":"http:\/\/whiting-media.com\/en\/privacy-policy\/","title":{"rendered":"Privacy Policy"},"content":{"rendered":"<h4 class=\"wp-block-heading\">Deutsch: (Go to <a href=\"#English\" data-type=\"internal\" data-id=\"#English\">English<\/a>)<br><\/h4>\n\n\n\n<h4 class=\"wp-block-heading\">Wer wir sind<\/h4>\n\n\n\n<p>Die Adresse unserer Website ist: http:\/\/www.whiting-media.com.<\/p>\n\n\n\n<h4 class=\"wp-block-heading\">Welche personenbezogenen Daten wir sammeln und warum wir sie sammeln<\/h4>\n\n\n\n<h4 class=\"wp-block-heading\">Kommentare<\/h4>\n\n\n\n<p>Diese Website bietet keine Kommentarfunktion.<\/p>\n\n\n\n<h4 class=\"wp-block-heading\">Medien<\/h4>\n\n\n\n<p>Es werden auf dieser Website keine Medien von externen Anbietern angeboten. <\/p>\n\n\n\n<h4 class=\"wp-block-heading\">Cookies<\/h4>\n\n\n\n<p>Diese Website verwendet nur notwendige Cookies. <\/p>\n\n\n\n<h4 class=\"wp-block-heading\">Webhosting<\/h4>\n\n\n\n<p>Diese Website wird von&nbsp;<a href=\"http:\/\/www.variomedia.de\/\">Variomedia AG<\/a>&nbsp;gehostet (Variomedia AG, August-Bebel-Stra\u00dfe 68,&nbsp;14482 Potsdam, Deutschland). Es besteht mit Variomedia AG ein DSGVO-konformer Auftragsverarbeitungsvertrag. Laut Variomedia werden folgende Daten verarbeitet:<\/p>\n\n\n\n<ul class=\"wp-block-list\"><li>HTTP Access Logs<ul><li>Vorhaltezeit: 14 Tage<\/li><li>Vorhaltezeit im Kundenmen\u00fc:<ul><li>Logdateien stehen im Kundenmen\u00fc nach derzeitigem Stand (01.05.2018) unbegrenzt lange zum Download zur Verf\u00fcgung. Wir behalten uns jedoch das Recht vor, nach vorheriger Ank\u00fcndigung \u00e4ltere Logdateien zu l\u00f6schen.<\/li><li>Die Client-IP-Adressen in aktuellen Logdateien werden gem\u00e4\u00df DSGVO anonymisiert. \u00c4ltere Logdateien werden momentan r\u00fcckwirkend anonymisiert, und stehen erst nach Abschluss der Anonymisierung wieder zur Verf\u00fcgung.<\/li><\/ul><\/li><\/ul><\/li><li>HTTP Error Logs<ul><li>Vorhaltezeit: 14 Tage<\/li><\/ul><\/li><li>FTP Logs<ul><li>Vorhaltezeit: 1 Jahr<\/li><\/ul><\/li><li>SSH Logs<ul><li>Vorhaltezeit: 30 Tage<\/li><\/ul><\/li><\/ul>\n\n\n\n<h4 class=\"wp-block-heading\">Schriftarten<\/h4>\n\n\n\n<p>Es werden keine Schriftarten von externen Anbietern verwendet. <\/p>\n\n\n\n<h4 class=\"wp-block-heading\">Eingebettete Inhalte von anderen Websites<\/h4>\n\n\n\n<p>Es werden keine eingebettete Inhalte verwendet. <\/p>\n\n\n\n<h4 class=\"wp-block-heading\">Mit wem wir deine Daten teilen<\/h4>\n\n\n\n<p>Wir teilen unsere Daten mit niemandem.<\/p>\n\n\n\n<h4 class=\"wp-block-heading\">Wie lange wir deine Daten speichern<\/h4>\n\n\n\n<p>Es werden keine Daten gespeichert oder verwertet. <\/p>\n\n\n\n<h4 class=\"wp-block-heading\">Welche Rechte du an deinen Daten hast<\/h4>\n\n\n\n<p>Wenn du ein Konto auf dieser Website besitzt oder Kommentare geschrieben hast, kannst du einen Export deiner personenbezogenen Daten bei uns anfordern, inklusive aller Daten, die du uns mitgeteilt hast. Dar\u00fcber hinaus kannst du die L\u00f6schung aller personenbezogenen Daten, die wir von dir gespeichert haben, anfordern. Dies umfasst nicht die Daten, die wir aufgrund administrativer, rechtlicher oder sicherheitsrelevanter Notwendigkeiten aufbewahren m\u00fcssen.<\/p>\n\n\n\n<p>Dylan Whiting \u2013\u00a0<a href=\"mailto:office@whiting-media.com\">office@whiting-media.com<\/a> <\/p>\n\n\n\n<h4 class=\"wp-block-heading\" id=\"English\">Privacy Policy (English)<\/h4>\n\n\n\n<h4 class=\"wp-block-heading\"><span>Who we are<\/span><\/h4>\n\n\n\n<p><span>Our website address is: https:\/\/whiting-media.com<\/span><\/p>\n\n\n\n<h4 class=\"wp-block-heading\"><span>What personal data we collect and why we collect it<\/span><\/h4>\n\n\n\n<h4 class=\"wp-block-heading\"><span>Comments<\/span><\/h4>\n\n\n\n<p><span>Currently, comments are not a feature of this website.&nbsp;<\/span><\/p>\n\n\n\n<h4 class=\"wp-block-heading\"><span>Media<\/span><\/h4>\n\n\n\n<p><span>Currently, no media from other providers is embedded on this site.&nbsp;<\/span><\/p>\n\n\n\n<h4 class=\"wp-block-heading\"><span>Contact forms<\/span><\/h4>\n\n\n\n<p><span>This website does not use contact forms.<\/span><\/p>\n\n\n\n<h4 class=\"wp-block-heading\"><span>Cookies<\/span><\/h4>\n\n\n\n<p>This website only uses essential cookies.&nbsp;<\/p>\n\n\n\n<h4 class=\"wp-block-heading\"><span>Webhosting<\/span><\/h4>\n\n\n\n<p><span>This website is hosted by&nbsp;<a href=\"http:\/\/www.variomedia.de\/\">Variomedia AG<\/a>&nbsp;(Variomedia AG, August-Bebel-Stra\u00dfe 68,&nbsp;14482 Potsdam, Germany). A GDPR-conform Data Processing Agreement is in place. According to Variomedia, following data is processed:<\/span><\/p>\n\n\n\n<ul class=\"wp-block-list\"><li><span>HTTP Access Logs<\/span>\n<ul>\n<li><span>Retention Period: 14 Days<\/span><\/li>\n<li><span>Retention Period in Customer Menu:<\/span>\n<ul>\n<li><span>At this point in time (01.05.2018) log files are available for download for an unlimited period. However, we retain the right to erase older log files following prior notice.&nbsp;<\/span><\/li>\n<li><span>In accordance with the GDPR, the client IP addresses in current log files are anonymised. Older log files are currently being anonymised and will not be available until this process is completed.&nbsp;<\/span><\/li>\n<\/ul>\n<\/li>\n<\/ul>\n<\/li><li><span>HTTP Error Logs<\/span>\n<ul>\n<li><span>Retention Period: 14 Days<\/span><\/li>\n<\/ul>\n<\/li><li><span>FTP Logs<\/span>\n<ul>\n<li><span>Retention Period: 1 Year<\/span><\/li>\n<\/ul>\n<\/li><li><span>SSH Logs<\/span>\n<ul>\n<li><span>Retention Period: 30 Days<\/span><\/li>\n<\/ul>\n<\/li><\/ul>\n\n\n\n<h4 class=\"wp-block-heading\">Fonts<\/h4>\n\n\n\n<p>This website does not use fonts from external providers.&nbsp;<\/p>\n\n\n\n<h4 class=\"wp-block-heading\"><span>Embedded content from other websites<\/span><\/h4>\n\n\n\n<p><span>This website does not include content embedded from other websites.&nbsp;<\/span><\/p>\n\n\n\n<h4 class=\"wp-block-heading\"><span>Who we share your data with<\/span><\/h4>\n\n\n\n<p><span>Nobody. Ever.&nbsp;<\/span><\/p>\n\n\n\n<h4 class=\"wp-block-heading\"><span>How long we retain your data<\/span><\/h4>\n\n\n\n<p>We do not retain or otherwise process any data.&nbsp;<\/p>\n\n\n\n<h4 class=\"wp-block-heading\"><span>What rights you have over your data<\/span><\/h4>\n\n\n\n<p><span>If you have an account on this site, or have left comments, you can request to receive an exported file of the personal data we hold about you, including any data you have provided to us. You can also request that we erase any personal data we hold about you. This does not include any data we are obliged to keep for administrative, legal, or security purposes.<\/span><\/p>\n\n\n\n<h4 class=\"wp-block-heading\"><span>Where we send your data<\/span><\/h4>\n\n\n\n<p><span>Visitor comments may be checked through an automated spam detection service.<\/span><\/p>\n\n\n\n<p>Contact:&nbsp;<a href=\"mailto:office@whiting-media.com\">office@whiting-media.com<\/a><\/p>","protected":false},"excerpt":{"rendered":"<p>Deutsch: (Go to English) Wer wir sind Die Adresse unserer Website ist: http:\/\/www.whiting-media.com. Welche personenbezogenen Daten wir sammeln und warum wir sie sammeln Kommentare Diese Website bietet keine Kommentarfunktion. Medien Es werden auf dieser Website keine Medien von externen Anbietern angeboten. Cookies Diese Website verwendet nur notwendige Cookies. Webhosting Diese [&hellip;]<\/p>","protected":false},"author":1,"featured_media":0,"parent":0,"menu_order":0,"comment_status":"closed","ping_status":"open","template":"","meta":{"footnotes":""},"class_list":["post-3","page","type-page","status-publish","hentry"],"_links":{"self":[{"href":"http:\/\/whiting-media.com\/en\/wp-json\/wp\/v2\/pages\/3","targetHints":{"allow":["GET"]}}],"collection":[{"href":"http:\/\/whiting-media.com\/en\/wp-json\/wp\/v2\/pages"}],"about":[{"href":"http:\/\/whiting-media.com\/en\/wp-json\/wp\/v2\/types\/page"}],"author":[{"embeddable":true,"href":"http:\/\/whiting-media.com\/en\/wp-json\/wp\/v2\/users\/1"}],"replies":[{"embeddable":true,"href":"http:\/\/whiting-media.com\/en\/wp-json\/wp\/v2\/comments?post=3"}],"version-history":[{"count":8,"href":"http:\/\/whiting-media.com\/en\/wp-json\/wp\/v2\/pages\/3\/revisions"}],"predecessor-version":[{"id":174,"href":"http:\/\/whiting-media.com\/en\/wp-json\/wp\/v2\/pages\/3\/revisions\/174"}],"wp:attachment":[{"href":"http:\/\/whiting-media.com\/en\/wp-json\/wp\/v2\/media?parent=3"}],"curies":[{"name":"wp","href":"https:\/\/api.w.org\/{rel}","templated":true}]}}