{"id":48,"date":"2022-08-25T17:51:20","date_gmt":"2022-08-25T15:51:20","guid":{"rendered":"https:\/\/whiting-media.com\/?page_id=48"},"modified":"2022-12-30T16:58:36","modified_gmt":"2022-12-30T15:58:36","slug":"impressum","status":"publish","type":"page","link":"https:\/\/whiting-media.com\/en\/impressum\/","title":{"rendered":"LEGAL NOTICE"},"content":{"rendered":"<p><strong>Impressum (Legal notice in accordance with Austrian regulations)<\/strong><\/p>\n\n\n\n<p>Einzelunternehmen: Dylan Whiting<br>B\u00fcro: Wehrgasse 29\/1+2, 1050 Wien<br>Email: office@whiting-media.com<br>Web: www.whiting-media.com<br>Unternehmensgegenstand: TV- u. Videoproduktion, Fotografie<br>Mitglied der Wirtschaftskammer Wien<br>UID: ATU57896502<\/p>\n\n\n\n<p>Alle auf dieser Website ver\u00f6ffentlichten Texte, Bilder und Grafiken unterliegen dem Urheberrecht und anderen Gesetzen zum Schutz des geistigen Eigentums. Sie d\u00fcrfen weder kopiert, noch ver\u00e4ndert oder auf anderen Websites verwendet werden.<br>Haftungshinweis: F\u00fcr die Inhalte der verlinkten Seiten sind ausschlie\u00dflich deren BetreiberInnen verantwortlich.<\/p>\n\n\n\n<p>Alle Angaben ohne Gew\u00e4hr, \u00c4nderungen vorbehalten.<br>\u00a9 Dylan Whiting 2022<\/p>\n\n\n\n<p>Kontakt:<br>Dylan Whiting<br>Schleifm\u00fchlgasse 3\/12, 1040 Wien<br>Tel.: +43 650 723 55 90<br>Mail: office@whiting-media.com<\/p>\n\n\n\n<p><a href=\"http:\/\/whiting-media.com\/en\/privacy-policy\/\">PRIVACY POLICY<\/a><\/p>\n\n\n<p><\/p>","protected":false},"excerpt":{"rendered":"<p>Impressum (Legal notice in accordance with Austrian regulations) Einzelunternehmen: Dylan WhitingB\u00fcro: Wehrgasse 29\/1+2, 1050 WienEmail: office@whiting-media.comWeb: www.whiting-media.comUnternehmensgegenstand: TV- u. Videoproduktion, FotografieMitglied der Wirtschaftskammer WienUID: ATU57896502 Alle auf dieser Website ver\u00f6ffentlichten Texte, Bilder und Grafiken unterliegen dem Urheberrecht und anderen Gesetzen zum Schutz des geistigen Eigentums. Sie d\u00fcrfen weder kopiert, noch [&hellip;]<\/p>","protected":false},"author":1,"featured_media":0,"parent":0,"menu_order":0,"comment_status":"closed","ping_status":"closed","template":"","meta":{"footnotes":""},"class_list":["post-48","page","type-page","status-publish","hentry"],"_links":{"self":[{"href":"https:\/\/whiting-media.com\/en\/wp-json\/wp\/v2\/pages\/48","targetHints":{"allow":["GET"]}}],"collection":[{"href":"https:\/\/whiting-media.com\/en\/wp-json\/wp\/v2\/pages"}],"about":[{"href":"https:\/\/whiting-media.com\/en\/wp-json\/wp\/v2\/types\/page"}],"author":[{"embeddable":true,"href":"https:\/\/whiting-media.com\/en\/wp-json\/wp\/v2\/users\/1"}],"replies":[{"embeddable":true,"href":"https:\/\/whiting-media.com\/en\/wp-json\/wp\/v2\/comments?post=48"}],"version-history":[{"count":3,"href":"https:\/\/whiting-media.com\/en\/wp-json\/wp\/v2\/pages\/48\/revisions"}],"predecessor-version":[{"id":187,"href":"https:\/\/whiting-media.com\/en\/wp-json\/wp\/v2\/pages\/48\/revisions\/187"}],"wp:attachment":[{"href":"https:\/\/whiting-media.com\/en\/wp-json\/wp\/v2\/media?parent=48"}],"curies":[{"name":"wp","href":"https:\/\/api.w.org\/{rel}","templated":true}]}}